{"id":39754,"date":"2023-09-07T11:54:40","date_gmt":"2023-09-07T15:54:40","guid":{"rendered":"https:\/\/www.realtorscare.ca\/?page_id=39754"},"modified":"2023-12-13T14:32:35","modified_gmt":"2023-12-13T19:32:35","slug":"rencontrez-nos-laureats","status":"publish","type":"page","link":"https:\/\/staging.realtorscare.ca\/fr\/a-propos-du-prix-canadien-realtors-care\/rencontrez-nos-laureats\/","title":{"rendered":"D\u00e9couvrez nos laur\u00e9ats pr\u00e9c\u00e9dents"},"content":{"rendered":"\n<p>Depuis 2016, l\u2019ACI a remis le Prix canadien REALTORS Care\u00ae \u00e0 neuf de ses membres dans cinq provinces. Tous les laur\u00e9ats ont laiss\u00e9 leur marque \u00e0 leur fa\u00e7on et incarnent pleinement l\u2019esprit du programme, gr\u00e2ce \u00e0 leur passion qui les pousse \u00e0 am\u00e9liorer la vie des membres de leur collectivit\u00e9.<\/p>\n\n\n\n<div class=\"wp-block-columns is-layout-flex wp-container-core-columns-is-layout-9d6595d7 wp-block-columns-is-layout-flex\">\n<div class=\"wp-block-column is-layout-flow wp-block-column-is-layout-flow\">\n<figure class=\"wp-block-image size-full wp-duotone-unset-1\"><a href=\"https:\/\/www.realtorscare.ca\/fr\/dale-devereaux-recoit-le-prix-canadien-realtors-care-de-2023\/\" target=\"_blank\" rel=\"noreferrer noopener\"><img loading=\"lazy\" decoding=\"async\" width=\"1320\" height=\"880\" src=\"https:\/\/www.realtorscare.ca\/wp-content\/uploads\/2023\/09\/Dale-Deveraux.png\" alt=\"\" class=\"wp-image-39828\" srcset=\"https:\/\/staging.realtorscare.ca\/wp-content\/uploads\/2023\/09\/Dale-Deveraux.png 1320w, https:\/\/staging.realtorscare.ca\/wp-content\/uploads\/2023\/09\/Dale-Deveraux-768x512.png 768w, https:\/\/staging.realtorscare.ca\/wp-content\/uploads\/2023\/09\/Dale-Deveraux-857x571.png 857w\" sizes=\"auto, (max-width: 1320px) 100vw, 1320px\" \/><\/a><\/figure>\n\n\n\n<h2 class=\"wp-block-heading has-text-align-center\"><a aria-label=\" (opens in a new tab)\" href=\"https:\/\/www.realtorscare.ca\/fr\/dale-devereaux-recoit-le-prix-canadien-realtors-care-de-2023\/\" target=\"_blank\" rel=\"noreferrer noopener\" class=\"ek-link\">Dale Devereaux de Red Deer (2023)<\/a><\/h2>\n<\/div>\n\n\n\n<div class=\"wp-block-column is-layout-flow wp-block-column-is-layout-flow\">\n<figure class=\"wp-block-image size-full\"><a href=\"https:\/\/www.realtorscare.ca\/fr\/lorna-hamm\/\" target=\"_blank\" rel=\"noreferrer noopener\"><img loading=\"lazy\" decoding=\"async\" width=\"1320\" height=\"880\" src=\"https:\/\/www.realtorscare.ca\/wp-content\/uploads\/2023\/09\/Lorna-Hamm.png\" alt=\"\" class=\"wp-image-39830\" srcset=\"https:\/\/staging.realtorscare.ca\/wp-content\/uploads\/2023\/09\/Lorna-Hamm.png 1320w, https:\/\/staging.realtorscare.ca\/wp-content\/uploads\/2023\/09\/Lorna-Hamm-768x512.png 768w, https:\/\/staging.realtorscare.ca\/wp-content\/uploads\/2023\/09\/Lorna-Hamm-857x571.png 857w\" sizes=\"auto, (max-width: 1320px) 100vw, 1320px\" \/><\/a><\/figure>\n\n\n\n<h2 class=\"wp-block-heading has-text-align-center\"><a href=\"https:\/\/www.realtorscare.ca\/fr\/lorna-hamm\/\" target=\"_blank\" aria-label=\" (opens in a new tab)\" rel=\"noreferrer noopener\" class=\"ek-link\">Lorna Hamm de Calgary (2022)<\/a><\/h2>\n<\/div>\n<\/div>\n\n\n\n<div class=\"wp-block-columns is-layout-flex wp-container-core-columns-is-layout-9d6595d7 wp-block-columns-is-layout-flex\">\n<div class=\"wp-block-column is-layout-flow wp-block-column-is-layout-flow\">\n<figure class=\"wp-block-image size-full\"><a href=\"https:\/\/www.realtorscare.ca\/fr\/a-propos-du-prix-canadien-realtors-care\/rencontrez-nos-laureats\/gregg-bamford\/\" target=\"_blank\" rel=\"noreferrer noopener\"><img loading=\"lazy\" decoding=\"async\" width=\"1320\" height=\"880\" src=\"https:\/\/www.realtorscare.ca\/wp-content\/uploads\/2023\/09\/Gregg-Bamford.png\" alt=\"\" class=\"wp-image-39832\" srcset=\"https:\/\/staging.realtorscare.ca\/wp-content\/uploads\/2023\/09\/Gregg-Bamford.png 1320w, https:\/\/staging.realtorscare.ca\/wp-content\/uploads\/2023\/09\/Gregg-Bamford-768x512.png 768w, https:\/\/staging.realtorscare.ca\/wp-content\/uploads\/2023\/09\/Gregg-Bamford-857x571.png 857w\" sizes=\"auto, (max-width: 1320px) 100vw, 1320px\" \/><\/a><\/figure>\n\n\n\n<h2 class=\"wp-block-heading has-text-align-center\"><a href=\"https:\/\/www.realtorscare.ca\/fr\/a-propos-du-prix-canadien-realtors-care\/rencontrez-nos-laureats\/gregg-bamford\/\" target=\"_blank\" aria-label=\" (opens in a new tab)\" rel=\"noreferrer noopener\" class=\"ek-link\">Gregg Bamford de Saskatoon (2021)<\/a><\/h2>\n<\/div>\n\n\n\n<div class=\"wp-block-column is-layout-flow wp-block-column-is-layout-flow\">\n<figure class=\"wp-block-image size-full is-style-default\"><a href=\"https:\/\/www.realtorscare.ca\/fr\/a-propos-du-prix-canadien-realtors-care\/rencontrez-nos-laureats\/ron-antalek\/\" target=\"_blank\" rel=\"noreferrer noopener\"><img loading=\"lazy\" decoding=\"async\" width=\"1320\" height=\"880\" src=\"https:\/\/www.realtorscare.ca\/wp-content\/uploads\/2023\/09\/Ron-Antalek-1.png\" alt=\"\" class=\"wp-image-39851\" srcset=\"https:\/\/staging.realtorscare.ca\/wp-content\/uploads\/2023\/09\/Ron-Antalek-1.png 1320w, https:\/\/staging.realtorscare.ca\/wp-content\/uploads\/2023\/09\/Ron-Antalek-1-768x512.png 768w, https:\/\/staging.realtorscare.ca\/wp-content\/uploads\/2023\/09\/Ron-Antalek-1-857x571.png 857w\" sizes=\"auto, (max-width: 1320px) 100vw, 1320px\" \/><\/a><\/figure>\n\n\n\n<h2 class=\"wp-block-heading has-text-align-center\"><a href=\"https:\/\/www.realtorscare.ca\/fr\/a-propos-du-prix-canadien-realtors-care\/rencontrez-nos-laureats\/ron-antalek\/\" target=\"_blank\" aria-label=\" (opens in a new tab)\" rel=\"noreferrer noopener\" class=\"ek-link\">Ron Antalek de Maple Ridge (2020)<\/a><\/h2>\n<\/div>\n<\/div>\n\n\n\n<div class=\"wp-block-columns is-layout-flex wp-container-core-columns-is-layout-9d6595d7 wp-block-columns-is-layout-flex\">\n<div class=\"wp-block-column is-layout-flow wp-block-column-is-layout-flow\">\n<figure class=\"wp-block-image size-full\"><a href=\"https:\/\/www.realtorscare.ca\/fr\/a-propos-du-prix-canadien-realtors-care\/rencontrez-nos-laureats\/geoff-et-regan-archambault\/\" target=\"_blank\" rel=\"noreferrer noopener\"><img loading=\"lazy\" decoding=\"async\" width=\"1320\" height=\"880\" src=\"https:\/\/www.realtorscare.ca\/wp-content\/uploads\/2023\/09\/Geoff-and-Regan-Archambault-3.png\" alt=\"\" class=\"wp-image-39843\" srcset=\"https:\/\/staging.realtorscare.ca\/wp-content\/uploads\/2023\/09\/Geoff-and-Regan-Archambault-3.png 1320w, https:\/\/staging.realtorscare.ca\/wp-content\/uploads\/2023\/09\/Geoff-and-Regan-Archambault-3-768x512.png 768w, https:\/\/staging.realtorscare.ca\/wp-content\/uploads\/2023\/09\/Geoff-and-Regan-Archambault-3-857x571.png 857w\" sizes=\"auto, (max-width: 1320px) 100vw, 1320px\" \/><\/a><\/figure>\n\n\n\n<h2 class=\"wp-block-heading has-text-align-center\"><a aria-label=\" (opens in a new tab)\" href=\"https:\/\/www.realtorscare.ca\/fr\/a-propos-du-prix-canadien-realtors-care\/rencontrez-nos-laureats\/geoff-et-regan-archambault\/\" target=\"_blank\" rel=\"noreferrer noopener\" class=\"ek-link\">Geoff et Regan Archambault de Winnipeg (2019)<\/a><\/h2>\n<\/div>\n\n\n\n<div class=\"wp-block-column is-layout-flow wp-block-column-is-layout-flow\">\n<figure class=\"wp-block-image size-full\"><a href=\"https:\/\/www.realtorscare.ca\/fr\/a-propos-du-prix-canadien-realtors-care\/rencontrez-nos-laureats\/carolyn-swinson\/\" target=\"_blank\" rel=\"noreferrer noopener\"><img loading=\"lazy\" decoding=\"async\" width=\"1320\" height=\"880\" src=\"https:\/\/www.realtorscare.ca\/wp-content\/uploads\/2023\/09\/Carolyn-Swinson.png\" alt=\"\" class=\"wp-image-39845\" srcset=\"https:\/\/staging.realtorscare.ca\/wp-content\/uploads\/2023\/09\/Carolyn-Swinson.png 1320w, https:\/\/staging.realtorscare.ca\/wp-content\/uploads\/2023\/09\/Carolyn-Swinson-768x512.png 768w, https:\/\/staging.realtorscare.ca\/wp-content\/uploads\/2023\/09\/Carolyn-Swinson-857x571.png 857w\" sizes=\"auto, (max-width: 1320px) 100vw, 1320px\" \/><\/a><\/figure>\n\n\n\n<h2 class=\"wp-block-heading has-text-align-center\"><a href=\"https:\/\/www.realtorscare.ca\/fr\/a-propos-du-prix-canadien-realtors-care\/rencontrez-nos-laureats\/carolyn-swinson\/\" target=\"_blank\" aria-label=\" (opens in a new tab)\" rel=\"noreferrer noopener\" class=\"ek-link\">Carolyn Swinson de Toronto (2018)<\/a><\/h2>\n<\/div>\n<\/div>\n\n\n\n<div class=\"wp-block-columns is-layout-flex wp-container-core-columns-is-layout-9d6595d7 wp-block-columns-is-layout-flex\">\n<div class=\"wp-block-column is-layout-flow wp-block-column-is-layout-flow\">\n<figure class=\"wp-block-image size-full\"><a href=\"https:\/\/www.realtorscare.ca\/fr\/a-propos-du-prix-canadien-realtors-care\/rencontrez-nos-laureats\/laura-leah-shaw\/\" target=\"_blank\" rel=\"noreferrer noopener\"><img loading=\"lazy\" decoding=\"async\" width=\"1320\" height=\"880\" src=\"https:\/\/www.realtorscare.ca\/wp-content\/uploads\/2023\/09\/Laura-Leah-Shaw.png\" alt=\"\" class=\"wp-image-39847\" srcset=\"https:\/\/staging.realtorscare.ca\/wp-content\/uploads\/2023\/09\/Laura-Leah-Shaw.png 1320w, https:\/\/staging.realtorscare.ca\/wp-content\/uploads\/2023\/09\/Laura-Leah-Shaw-768x512.png 768w, https:\/\/staging.realtorscare.ca\/wp-content\/uploads\/2023\/09\/Laura-Leah-Shaw-857x571.png 857w\" sizes=\"auto, (max-width: 1320px) 100vw, 1320px\" \/><\/a><\/figure>\n\n\n\n<h2 class=\"wp-block-heading has-text-align-center\"><a aria-label=\" (opens in a new tab)\" href=\"https:\/\/www.realtorscare.ca\/fr\/a-propos-du-prix-canadien-realtors-care\/rencontrez-nos-laureats\/laura-leah-shaw\/\" target=\"_blank\" rel=\"noreferrer noopener\" class=\"ek-link\">Laura-Leah Shaw de Vancouver (2017)<\/a><\/h2>\n<\/div>\n\n\n\n<div class=\"wp-block-column is-layout-flow wp-block-column-is-layout-flow\">\n<figure class=\"wp-block-image size-full\"><a href=\"https:\/\/www.realtorscare.ca\/fr\/a-propos-du-prix-canadien-realtors-care\/rencontrez-nos-laureats\/laura-leah-shaw\/\" target=\"_blank\" rel=\"noreferrer noopener\"><img loading=\"lazy\" decoding=\"async\" width=\"1320\" height=\"880\" src=\"https:\/\/www.realtorscare.ca\/wp-content\/uploads\/2023\/09\/Vince-Mirabelli.png\" alt=\"\" class=\"wp-image-39849\" srcset=\"https:\/\/staging.realtorscare.ca\/wp-content\/uploads\/2023\/09\/Vince-Mirabelli.png 1320w, https:\/\/staging.realtorscare.ca\/wp-content\/uploads\/2023\/09\/Vince-Mirabelli-768x512.png 768w, https:\/\/staging.realtorscare.ca\/wp-content\/uploads\/2023\/09\/Vince-Mirabelli-857x571.png 857w\" sizes=\"auto, (max-width: 1320px) 100vw, 1320px\" \/><\/a><\/figure>\n\n\n\n<h2 class=\"wp-block-heading has-text-align-center\"><a href=\"https:\/\/www.realtorscare.ca\/fr\/a-propos-du-prix-canadien-realtors-care\/rencontrez-nos-laureats\/vince-mirabelli\/\" target=\"_blank\" aria-label=\" (opens in a new tab)\" rel=\"noreferrer noopener\" class=\"ek-link\">Vince Mirabelli de Thunder Bay (2016)<\/a><\/h2>\n<\/div>\n<\/div>\n\n\n\n<div style=\"height:34px\" aria-hidden=\"true\" class=\"wp-block-spacer\"><\/div>\n\n\n\n<hr class=\"wp-block-separator has-alpha-channel-opacity\"\/>\n\n\n\n<h1 class=\"wp-block-heading\"><strong>Merci aux commanditaires de notre prix de 2024<\/strong><\/h1>\n\n\n\n<div style=\"height:34px\" aria-hidden=\"true\" class=\"wp-block-spacer\"><\/div>\n\n\n\n<div class=\"wp-block-columns is-layout-flex wp-container-core-columns-is-layout-9d6595d7 wp-block-columns-is-layout-flex\">\n<div class=\"wp-block-column is-layout-flow wp-block-column-is-layout-flow\" style=\"flex-basis:33.33%\">\n<figure class=\"wp-block-image size-full\"><a href=\"https:\/\/www.realtor.ca\/fr\" target=\"_blank\" rel=\"noreferrer noopener\"><img loading=\"lazy\" decoding=\"async\" width=\"667\" height=\"235\" src=\"https:\/\/www.realtorscare.ca\/wp-content\/uploads\/2022\/09\/REALTOR.ca-Red-Logo.png\" alt=\"REALTOR.ca\" class=\"wp-image-38784\"\/><\/a><\/figure>\n<\/div>\n\n\n\n<div class=\"wp-block-column is-layout-flow wp-block-column-is-layout-flow\" style=\"flex-basis:66.66%\">\n<h2 class=\"wp-block-heading\">Commanditaire principal<\/h2>\n\n\n\n<p>Le Prix canadien REALTORS Care\u00ae de 2024 est pr\u00e9sent\u00e9 fi\u00e8rement par REALTOR.ca, la plateforme immobili\u00e8re la plus populaire au Canada.<\/p>\n<\/div>\n<\/div>\n\n\n\n<div class=\"wp-block-columns has-media-on-the-top is-layout-flex wp-container-core-columns-is-layout-9d6595d7 wp-block-columns-is-layout-flex\">\n<div class=\"wp-block-column is-layout-flow wp-block-column-is-layout-flow\" style=\"flex-basis:33.33%\">\n<figure class=\"wp-block-image size-full\"><a href=\"https:\/\/realestatemagazine.ca\/\" target=\"_blank\" rel=\"noreferrer noopener\"><img loading=\"lazy\" decoding=\"async\" width=\"632\" height=\"490\" src=\"https:\/\/www.realtorscare.ca\/wp-content\/uploads\/2022\/09\/IMG_7054.jpeg\" alt=\"Real Estate Magazine\" class=\"wp-image-38729\"\/><\/a><\/figure>\n<\/div>\n\n\n\n<div class=\"wp-block-column is-layout-flow wp-block-column-is-layout-flow\" style=\"flex-basis:66.66%\">\n<h2 class=\"wp-block-heading\">Commanditaire des m\u00e9dias<\/h2>\n\n\n\n<p>REM, l\u2019une des publications immobili\u00e8res les plus reconnues au Canada, est le commanditaire des m\u00e9dias de notre prix de 2024.<\/p>\n<\/div>\n<\/div>\n\n\n\n<p>REALTOR\u00ae. Membre de L\u2019Association canadienne de&nbsp;l\u2019immobilier (ACI), et plus encore.<\/p>\n","protected":false},"excerpt":{"rendered":"<p>Depuis 2016, l\u2019ACI a remis le Prix canadien REALTORS Care\u00ae \u00e0 neuf de ses membres dans cinq provinces. Tous les laur\u00e9ats ont laiss\u00e9 leur marque \u00e0 leur fa\u00e7on et incarnent pleinement l\u2019esprit du programme, gr\u00e2ce \u00e0 leur passion qui les pousse \u00e0 am\u00e9liorer la vie des membres de leur collectivit\u00e9. Dale Devereaux de Red Deer &hellip; <a href=\"https:\/\/staging.realtorscare.ca\/fr\/a-propos-du-prix-canadien-realtors-care\/rencontrez-nos-laureats\/\" class=\"more-link\">Continue reading <span class=\"screen-reader-text\">D\u00e9couvrez nos laur\u00e9ats pr\u00e9c\u00e9dents<\/span><\/a><\/p>\n","protected":false},"author":125,"featured_media":0,"parent":34696,"menu_order":0,"comment_status":"closed","ping_status":"closed","template":"","meta":{"_acf_changed":false,"_editorskit_title_hidden":false,"_editorskit_reading_time":0,"_editorskit_is_block_options_detached":false,"_editorskit_block_options_position":"{}","footnotes":""},"class_list":["post-39754","page","type-page","status-publish","hentry"],"acf":[],"_links":{"self":[{"href":"https:\/\/staging.realtorscare.ca\/fr\/wp-json\/wp\/v2\/pages\/39754","targetHints":{"allow":["GET"]}}],"collection":[{"href":"https:\/\/staging.realtorscare.ca\/fr\/wp-json\/wp\/v2\/pages"}],"about":[{"href":"https:\/\/staging.realtorscare.ca\/fr\/wp-json\/wp\/v2\/types\/page"}],"author":[{"embeddable":true,"href":"https:\/\/staging.realtorscare.ca\/fr\/wp-json\/wp\/v2\/users\/125"}],"replies":[{"embeddable":true,"href":"https:\/\/staging.realtorscare.ca\/fr\/wp-json\/wp\/v2\/comments?post=39754"}],"version-history":[{"count":9,"href":"https:\/\/staging.realtorscare.ca\/fr\/wp-json\/wp\/v2\/pages\/39754\/revisions"}],"predecessor-version":[{"id":40153,"href":"https:\/\/staging.realtorscare.ca\/fr\/wp-json\/wp\/v2\/pages\/39754\/revisions\/40153"}],"up":[{"embeddable":true,"href":"https:\/\/staging.realtorscare.ca\/fr\/wp-json\/wp\/v2\/pages\/34696"}],"wp:attachment":[{"href":"https:\/\/staging.realtorscare.ca\/fr\/wp-json\/wp\/v2\/media?parent=39754"}],"curies":[{"name":"wp","href":"https:\/\/api.w.org\/{rel}","templated":true}]}}