{"id":39734,"date":"2023-09-06T10:29:27","date_gmt":"2023-09-06T14:29:27","guid":{"rendered":"https:\/\/www.realtorscare.ca\/?page_id=39734"},"modified":"2024-02-01T13:00:57","modified_gmt":"2024-02-01T18:00:57","slug":"souslesprojecteurs","status":"publish","type":"page","link":"https:\/\/staging.realtorscare.ca\/fr\/souslesprojecteurs\/","title":{"rendered":"Sous les projecteurs de REALTORS Care\u00ae"},"content":{"rendered":"\n<p> <\/p>\n\n\n\n<iframe loading=\"lazy\" width=\"100%\" height=\"504\" src=\"https:\/\/www.youtube.com\/embed\/videoseries?si=Xr3gG9uKtzpMpJU4&amp;list=PLOKoTy8yPzZYNUblDh_dRYfelSIxvUU_E\" title=\"YouTube video player\" frameborder=\"0\" allow=\"accelerometer; autoplay; clipboard-write; encrypted-media; gyroscope; picture-in-picture; web-share\" allowfullscreen><\/iframe>\n\n\n\n<p> La s\u00e9rie Sous les projecteurs de REALTORS Care\u00ae racontent comment les candidats au <a href=\"https:\/\/www.realtorscare.ca\/fr\/a-propos-du-prix-canadien-realtors-care\/\" target=\"_blank\" aria-label=\" (opens in a new tab)\" rel=\"noreferrer noopener\" class=\"ek-link\">Prix canadien REALTORS Care\u00ae de 2023<\/a> am\u00e9liorent la vie des membres de leur collectivit\u00e9. Nous vous pr\u00e9senterons d&rsquo;autres personnes inspirantes tout au long de l&rsquo;ann\u00e9e.<\/p>\n\n\n\n<div class=\"wp-block-columns is-layout-flex wp-container-core-columns-is-layout-9d6595d7 wp-block-columns-is-layout-flex\">\n<div class=\"wp-block-column is-layout-flow wp-block-column-is-layout-flow\">\n<div class=\"wp-block-cover has-custom-content-position is-position-bottom-center ek-linked-block\" style=\"min-height:370px;aspect-ratio:unset;\"><span aria-hidden=\"true\" class=\"wp-block-cover__background has-background-dim-60 has-background-dim wp-block-cover__gradient-background has-background-gradient\" style=\"background:linear-gradient(180deg,rgba(255,255,255,0) 55%,rgb(0,0,0) 71%)\"><\/span><img loading=\"lazy\" decoding=\"async\" width=\"1021\" height=\"524\" class=\"wp-block-cover__image-background wp-image-40215\" alt=\"\" src=\"https:\/\/www.realtorscare.ca\/wp-content\/uploads\/2024\/01\/Grace-Kidd-Banner.png\" data-object-fit=\"cover\" srcset=\"https:\/\/staging.realtorscare.ca\/wp-content\/uploads\/2024\/01\/Grace-Kidd-Banner.png 1021w, https:\/\/staging.realtorscare.ca\/wp-content\/uploads\/2024\/01\/Grace-Kidd-Banner-768x394.png 768w\" sizes=\"auto, (max-width: 1021px) 100vw, 1021px\" \/><div class=\"wp-block-cover__inner-container is-layout-flow wp-block-cover-is-layout-flow\">\n<p class=\"has-text-align-left has-white-color has-text-color has-x-large-font-size\"><strong>Grace Kidd<\/strong><\/p>\n<\/div><a href=\"https:\/\/www.realtorscare.ca\/fr\/ontario\/sous-les-projecteurs-de-realtors-care-grace-kidd-se-devoue-de-tout-coeur-a-midland-en-ontario\/\" class=\"editorskit-block-link\" rel=\"\"><\/a><\/div>\n<\/div>\n\n\n\n<div class=\"wp-block-column is-layout-flow wp-block-column-is-layout-flow\">\n<div class=\"wp-block-cover has-custom-content-position is-position-bottom-center ek-linked-block\" style=\"min-height:370px;aspect-ratio:unset;\"><span aria-hidden=\"true\" class=\"wp-block-cover__background has-background-dim-60 has-background-dim wp-block-cover__gradient-background has-background-gradient\" style=\"background:linear-gradient(180deg,rgba(255,255,255,0) 55%,rgb(0,0,0) 71%)\"><\/span><img loading=\"lazy\" decoding=\"async\" width=\"1021\" height=\"524\" class=\"wp-block-cover__image-background wp-image-40066\" alt=\"REALTOR\u00ae Crystal stands in an expertly decorated living space smiling.\" src=\"https:\/\/www.realtorscare.ca\/wp-content\/uploads\/2023\/11\/Crystal-Spotlight-Banner-1.png\" data-object-fit=\"cover\" srcset=\"https:\/\/staging.realtorscare.ca\/wp-content\/uploads\/2023\/11\/Crystal-Spotlight-Banner-1.png 1021w, https:\/\/staging.realtorscare.ca\/wp-content\/uploads\/2023\/11\/Crystal-Spotlight-Banner-1-768x394.png 768w\" sizes=\"auto, (max-width: 1021px) 100vw, 1021px\" \/><div class=\"wp-block-cover__inner-container is-layout-flow wp-block-cover-is-layout-flow\">\n<p class=\"has-text-align-left has-white-color has-text-color has-x-large-font-size\"><strong>Crystal Hung<\/strong><\/p>\n<\/div><a href=\"https:\/\/www.realtorscare.ca\/fr\/colombie-britannique\/sous-les-projecteurs-de-realtors-care-crystal-hung-inspire-vancouver-un-projet-a-la-fois\/\" class=\"editorskit-block-link\" rel=\"\"><\/a><\/div>\n<\/div>\n<\/div>\n\n\n\n<div class=\"wp-block-columns is-layout-flex wp-container-core-columns-is-layout-9d6595d7 wp-block-columns-is-layout-flex\">\n<div class=\"wp-block-column is-layout-flow wp-block-column-is-layout-flow\">\n<div class=\"wp-block-cover has-custom-content-position is-position-bottom-center ek-linked-block\" style=\"min-height:370px;aspect-ratio:unset;\"><span aria-hidden=\"true\" class=\"wp-block-cover__background has-background-dim-60 has-background-dim wp-block-cover__gradient-background has-background-gradient\" style=\"background:linear-gradient(180deg,rgba(255,255,255,0) 55%,rgb(0,0,0) 71%)\"><\/span><img loading=\"lazy\" decoding=\"async\" width=\"1021\" height=\"524\" class=\"wp-block-cover__image-background wp-image-40002\" alt=\"Brenda sits in a coffee shop smiling\" src=\"https:\/\/www.realtorscare.ca\/wp-content\/uploads\/2023\/10\/Brenda-Spotlight-Banner.png\" data-object-fit=\"cover\" srcset=\"https:\/\/staging.realtorscare.ca\/wp-content\/uploads\/2023\/10\/Brenda-Spotlight-Banner.png 1021w, https:\/\/staging.realtorscare.ca\/wp-content\/uploads\/2023\/10\/Brenda-Spotlight-Banner-768x394.png 768w\" sizes=\"auto, (max-width: 1021px) 100vw, 1021px\" \/><div class=\"wp-block-cover__inner-container is-layout-flow wp-block-cover-is-layout-flow\">\n<p class=\"has-text-align-left has-white-color has-text-color has-x-large-font-size\"><strong>Brenda MacKenzie<\/strong><\/p>\n<\/div><a href=\"https:\/\/www.realtorscare.ca\/fr\/nouvelle-ecosse\/sous-les-projecteurs-de-realtors-care-brenda-mackenzie-aide-des-familles-dans-le-besoin-a-acceder-a-la-propriete\/\" class=\"editorskit-block-link\" rel=\"\"><\/a><\/div>\n<\/div>\n\n\n\n<div class=\"wp-block-column is-layout-flow wp-block-column-is-layout-flow\">\n<div class=\"wp-block-cover has-custom-content-position is-position-bottom-center ek-linked-block\" style=\"min-height:370px;aspect-ratio:unset;\"><span aria-hidden=\"true\" class=\"wp-block-cover__background has-background-dim-60 has-background-dim wp-block-cover__gradient-background has-background-gradient\" style=\"background:linear-gradient(180deg,rgba(255,255,255,0) 55%,rgb(0,0,0) 71%)\"><\/span><img loading=\"lazy\" decoding=\"async\" width=\"1320\" height=\"880\" class=\"wp-block-cover__image-background wp-image-39688\" alt=\"Rose Iannacchino stands in the middle of the Grow Food market smiling\" src=\"https:\/\/www.realtorscare.ca\/wp-content\/uploads\/2023\/08\/Rose-Iannacchino.jpg\" data-object-fit=\"cover\" srcset=\"https:\/\/staging.realtorscare.ca\/wp-content\/uploads\/2023\/08\/Rose-Iannacchino.jpg 1320w, https:\/\/staging.realtorscare.ca\/wp-content\/uploads\/2023\/08\/Rose-Iannacchino-768x512.jpg 768w, https:\/\/staging.realtorscare.ca\/wp-content\/uploads\/2023\/08\/Rose-Iannacchino-857x571.jpg 857w\" sizes=\"auto, (max-width: 1320px) 100vw, 1320px\" \/><div class=\"wp-block-cover__inner-container is-layout-flow wp-block-cover-is-layout-flow\">\n<p class=\"has-text-align-left has-white-color has-text-color\" style=\"font-size:41px\"><strong><strong><strong>Rose Iannacchino<\/strong><\/strong><\/strong><\/p>\n<\/div><a href=\"https:\/\/www.realtorscare.ca\/fr\/nos-histoires-fr\/sous-les-projecteur-de-realtors-care-rose-iannacchino-accroit-la-litteratie-alimentaire-dans-la-region-de-niagara\/\" class=\"editorskit-block-link\" rel=\"\"><\/a><\/div>\n<\/div>\n<\/div>\n\n\n\n<div class=\"wp-block-columns is-layout-flex wp-container-core-columns-is-layout-9d6595d7 wp-block-columns-is-layout-flex\">\n<div class=\"wp-block-column is-layout-flow wp-block-column-is-layout-flow\">\n<div class=\"wp-block-cover has-custom-content-position is-position-bottom-center ek-linked-block\" style=\"min-height:370px;aspect-ratio:unset;\"><span aria-hidden=\"true\" class=\"wp-block-cover__background has-background-dim-60 has-background-dim wp-block-cover__gradient-background has-background-gradient\" style=\"background:linear-gradient(180deg,rgba(255,255,255,0) 55%,rgb(0,0,0) 71%)\"><\/span><img loading=\"lazy\" decoding=\"async\" width=\"1320\" height=\"880\" class=\"wp-block-cover__image-background wp-image-39686\" alt=\"Chris Dunlop\" src=\"https:\/\/www.realtorscare.ca\/wp-content\/uploads\/2023\/08\/Chris-Dunlop.jpg\" data-object-fit=\"cover\" srcset=\"https:\/\/staging.realtorscare.ca\/wp-content\/uploads\/2023\/08\/Chris-Dunlop.jpg 1320w, https:\/\/staging.realtorscare.ca\/wp-content\/uploads\/2023\/08\/Chris-Dunlop-768x512.jpg 768w, https:\/\/staging.realtorscare.ca\/wp-content\/uploads\/2023\/08\/Chris-Dunlop-857x571.jpg 857w\" sizes=\"auto, (max-width: 1320px) 100vw, 1320px\" \/><div class=\"wp-block-cover__inner-container is-layout-flow wp-block-cover-is-layout-flow\">\n<p class=\"has-text-align-left has-white-color has-text-color has-x-large-font-size\"><strong>Chris Dunlop<\/strong><\/p>\n<\/div><a href=\"https:\/\/www.realtorscare.ca\/fr\/nos-histoires-fr\/profil-a-laffiche-realtors-care-chris-dunlop-ouvre-les-portes-de-lavenir\/\" class=\"editorskit-block-link\" rel=\"\"><\/a><\/div>\n<\/div>\n\n\n\n<div class=\"wp-block-column is-layout-flow wp-block-column-is-layout-flow\"><\/div>\n<\/div>\n","protected":false},"excerpt":{"rendered":"<p>La s\u00e9rie Sous les projecteurs de REALTORS Care\u00ae racontent comment les candidats au Prix canadien REALTORS Care\u00ae de 2023 am\u00e9liorent la vie des membres de leur collectivit\u00e9. Nous vous pr\u00e9senterons d&rsquo;autres personnes inspirantes tout au long de l&rsquo;ann\u00e9e.<\/p>\n","protected":false},"author":85,"featured_media":0,"parent":0,"menu_order":0,"comment_status":"closed","ping_status":"closed","template":"","meta":{"_acf_changed":false,"_editorskit_title_hidden":false,"_editorskit_reading_time":0,"_editorskit_is_block_options_detached":false,"_editorskit_block_options_position":"{}","footnotes":""},"class_list":["post-39734","page","type-page","status-publish","hentry"],"acf":[],"_links":{"self":[{"href":"https:\/\/staging.realtorscare.ca\/fr\/wp-json\/wp\/v2\/pages\/39734","targetHints":{"allow":["GET"]}}],"collection":[{"href":"https:\/\/staging.realtorscare.ca\/fr\/wp-json\/wp\/v2\/pages"}],"about":[{"href":"https:\/\/staging.realtorscare.ca\/fr\/wp-json\/wp\/v2\/types\/page"}],"author":[{"embeddable":true,"href":"https:\/\/staging.realtorscare.ca\/fr\/wp-json\/wp\/v2\/users\/85"}],"replies":[{"embeddable":true,"href":"https:\/\/staging.realtorscare.ca\/fr\/wp-json\/wp\/v2\/comments?post=39734"}],"version-history":[{"count":12,"href":"https:\/\/staging.realtorscare.ca\/fr\/wp-json\/wp\/v2\/pages\/39734\/revisions"}],"predecessor-version":[{"id":40246,"href":"https:\/\/staging.realtorscare.ca\/fr\/wp-json\/wp\/v2\/pages\/39734\/revisions\/40246"}],"wp:attachment":[{"href":"https:\/\/staging.realtorscare.ca\/fr\/wp-json\/wp\/v2\/media?parent=39734"}],"curies":[{"name":"wp","href":"https:\/\/api.w.org\/{rel}","templated":true}]}}