{"id":34730,"date":"2019-02-27T09:25:41","date_gmt":"2019-02-27T14:25:41","guid":{"rendered":"https:\/\/www.realtorscare.ca\/?page_id=34730"},"modified":"2023-09-15T14:50:35","modified_gmt":"2023-09-15T18:50:35","slug":"telechargez-notre-logo","status":"publish","type":"page","link":"https:\/\/staging.realtorscare.ca\/fr\/about-realtors-care\/telechargez-notre-logo\/","title":{"rendered":"T\u00e9l\u00e9chargez notre logo"},"content":{"rendered":"<p>Tous les membres de la communaut\u00e9 immobili\u00e8re sont invit\u00e9s \u00e0 utiliser le logo REALTORS Care\u00ae dans la promotion de leurs initiatives caritatives afin d\u2019exprimer leur solidarit\u00e9 envers les \u0153uvres de bienfaisance r\u00e9alis\u00e9es par l\u2019ensemble de la communaut\u00e9 immobili\u00e8re canadienne.<\/p>\n<p>Les d\u00e9tenteurs du titre REALTOR\u00ae, les agences immobili\u00e8res et les chambres ou associations peuvent t\u00e9l\u00e9charger le logo\u00a0:<\/p>\n<ul>\n<li>Si vous \u00eates <strong>un membre de l\u2019ACI ou repr\u00e9sentez une agence immobili\u00e8re<\/strong>, <a href=\"https:\/\/crea-aci.ca1.qualtrics.com\/jfe\/form\/SV_bDgCZ5XdLOClHAG?Q_Language=FR\" target=\"_blank\" rel=\"noopener\">cliquez\u00a0ici<\/a>\u00a0pour voir les modalit\u00e9s d\u2019utilisation appropri\u00e9es.<\/li>\n<li>Si vous \u00eates <strong>un membre du personnel repr\u00e9sentant une chambre ou association immobili\u00e8re<\/strong>, <a href=\"https:\/\/crea-aci.ca1.qualtrics.com\/jfe\/form\/SV_eQHPdYGT66gSUse?Q_Language=FR\" target=\"_blank\" rel=\"noopener\">cliquez\u00a0ici<\/a>\u00a0pour voir les modalit\u00e9s d\u2019utilisation appropri\u00e9es.<\/li>\n<\/ul>\n<p>Si vous \u00eates un membre du personnel ou un b\u00e9n\u00e9vole d\u2019une fondation caritative r\u00e9gionale du secteur structur\u00e9 de l\u2019immobilier et que vous souhaitez utiliser les marques de commerce et le logo REALTORS Care\u00ae, veuillez communiquer directement avec nous \u00e0 <a href=\"mailto:realtorscare@crea.ca\">realtorscare@crea.ca<\/a>.<\/p>\n<p>Si vous \u00eates un membre du personnel ou un b\u00e9n\u00e9vole d\u2019une chambre ou association qui songe \u00e0 personnaliser le logo REALTORS Care\u00ae en vue d\u2019une utilisation locale, veuillez communiquer directement avec nous \u00e0 <a href=\"mailto:realtorscare@crea.ca\">realtorscare@crea.ca<\/a>.<\/p>\n","protected":false},"excerpt":{"rendered":"<p>Tous les membres de la communaut\u00e9 immobili\u00e8re sont invit\u00e9s \u00e0 utiliser le logo REALTORS Care\u00ae dans la promotion de leurs initiatives caritatives afin d\u2019exprimer leur solidarit\u00e9 envers les \u0153uvres de bienfaisance r\u00e9alis\u00e9es par l\u2019ensemble de la communaut\u00e9 immobili\u00e8re canadienne. Les d\u00e9tenteurs du titre REALTOR\u00ae, les agences immobili\u00e8res et les chambres ou associations peuvent t\u00e9l\u00e9charger le &hellip; <a href=\"https:\/\/staging.realtorscare.ca\/fr\/about-realtors-care\/telechargez-notre-logo\/\" class=\"more-link\">Continue reading <span class=\"screen-reader-text\">T\u00e9l\u00e9chargez notre logo<\/span><\/a><\/p>\n","protected":false},"author":1,"featured_media":0,"parent":32527,"menu_order":0,"comment_status":"closed","ping_status":"closed","template":"","meta":{"_acf_changed":false,"_editorskit_title_hidden":false,"_editorskit_reading_time":0,"_editorskit_is_block_options_detached":false,"_editorskit_block_options_position":"{}","footnotes":""},"class_list":["post-34730","page","type-page","status-publish","hentry"],"acf":[],"_links":{"self":[{"href":"https:\/\/staging.realtorscare.ca\/fr\/wp-json\/wp\/v2\/pages\/34730","targetHints":{"allow":["GET"]}}],"collection":[{"href":"https:\/\/staging.realtorscare.ca\/fr\/wp-json\/wp\/v2\/pages"}],"about":[{"href":"https:\/\/staging.realtorscare.ca\/fr\/wp-json\/wp\/v2\/types\/page"}],"author":[{"embeddable":true,"href":"https:\/\/staging.realtorscare.ca\/fr\/wp-json\/wp\/v2\/users\/1"}],"replies":[{"embeddable":true,"href":"https:\/\/staging.realtorscare.ca\/fr\/wp-json\/wp\/v2\/comments?post=34730"}],"version-history":[{"count":3,"href":"https:\/\/staging.realtorscare.ca\/fr\/wp-json\/wp\/v2\/pages\/34730\/revisions"}],"predecessor-version":[{"id":39939,"href":"https:\/\/staging.realtorscare.ca\/fr\/wp-json\/wp\/v2\/pages\/34730\/revisions\/39939"}],"up":[{"embeddable":true,"href":"https:\/\/staging.realtorscare.ca\/fr\/wp-json\/wp\/v2\/pages\/32527"}],"wp:attachment":[{"href":"https:\/\/staging.realtorscare.ca\/fr\/wp-json\/wp\/v2\/media?parent=34730"}],"curies":[{"name":"wp","href":"https:\/\/api.w.org\/{rel}","templated":true}]}}