{"id":34703,"date":"2019-02-26T19:08:01","date_gmt":"2019-02-27T00:08:01","guid":{"rendered":"https:\/\/www.realtorscare.ca\/?page_id=34703"},"modified":"2024-03-04T11:48:47","modified_gmt":"2024-03-04T16:48:47","slug":"nos-campagnes-dintervention-en-cas-de-catastrophes","status":"publish","type":"page","link":"https:\/\/staging.realtorscare.ca\/fr\/about-realtors-care\/nos-campagnes-dintervention-en-cas-de-catastrophes\/","title":{"rendered":"Nos campagnes nationales d\u2019intervention en cas de catastrophes"},"content":{"rendered":"\n<p><b>Notre campagne en cours<\/b><\/p>\n\n<p><p style=\"border: 3px; border-style: solid; border-color: #FF0000; padding: 1em;\">Nous n\u2019avons aucune campagne de collecte de fonds en cours.<\/p>\n\n\n\n<p><strong>Approche de l\u2019ACI envers les campagnes nationales d\u2019intervention<\/strong> <strong>en cas de catastrophes<\/strong><\/p>\n\n\n\n<p>La communaut\u00e9 immobili\u00e8re a montr\u00e9 \u00e0 maintes reprises que lorsque survient une catastrophe \u00e0 grande \u00e9chelle au Canada ou \u00e0 l\u2019\u00e9tranger, son premier r\u00e9flexe est d\u2019unir ses forces et d\u2019amasser des fonds pour les sinistr\u00e9s.<\/p>\n\n\n\n<p><strong>Depuis 2010, les courtiers et agents immobiliers au Canada ont recueilli ensemble plus de 2,4&nbsp;millions de dollars par l\u2019interm\u00e9diaire de la Croix-Rouge canadienne.<\/strong><\/p>\n\n\n\n<p>L\u2019ACI et les membres de la communaut\u00e9 immobili\u00e8re canadienne savent qu\u2019ils peuvent faire confiance \u00e0 la Croix-Rouge canadienne pour intervenir rapidement en cas de catastrophe et de situation d\u2019urgence dans les collectivit\u00e9s d\u2019ici et d\u2019ailleurs, et pour fournir de la nourriture, des v\u00eatements et un toit aux personnes dont la vie a \u00e9t\u00e9 boulevers\u00e9e.<\/p>\n\n\n\n<p>La politique actuelle de l\u2019ACI est de lancer des campagnes de financement appuyant des sinistr\u00e9s ici au Canada. Quand la Croix-Rouge canadienne lance une campagne pour venir en aide \u00e0 des sinistr\u00e9s \u00e0 l\u2019ext\u00e9rieur du pays, le comit\u00e9 sur les pratiques environnementales, sociales et de gouvernance (ESG) de l\u2019ACI doit d\u00e9cider si l\u2019ACI appuiera cette campagne.<\/p>\n\n\n\n<p>Au lancement d\u2019une campagne, la Croix-Rouge canadienne cr\u00e9e un portail portant la marque REALTORS Care\u00ae permettant aux courtiers et agents immobiliers et amis de faire des dons. Ce portail nous permet \u00e9galement de conna\u00eetre le montant des fonds recueillis. L\u2019ACI informe la communaut\u00e9 des courtiers et agents ainsi que ses membres de toute nouvelle campagne par courriel ou les m\u00e9dias sociaux.<\/p>\n\n\n\n<p><strong>Nos campagnes ant\u00e9rieures<\/strong><\/p>\n\n\n\n<p>L\u2019ACI a lanc\u00e9 des campagnes de financement nationales suivantes \u00e0 l\u2019appui des campagnes de la Croix-Rouge canadienne&nbsp;:<\/p>\n\n\n\n<p>Feux de for\u00eat \u00e0 Hawa\u00ef (2023)<\/p>\n\n\n\n<p>Feux en Nouvelle-\u00c9cosse et au Canada atlantique (2023)<\/p>\n\n\n\n<p>Incendies en Alberta (2023)<\/p>\n\n\n\n<p>S\u00e9ismes en T\u00fcrkiye et en Syrie (2023)<\/p>\n\n\n\n<p>Ouragan Fiona (2022)<\/p>\n\n\n\n<p>Crise humanitaire en Ukraine (2022)<\/p>\n\n\n\n<p>Inondations et \u00e9v\u00e9nements m\u00e9t\u00e9orologiques extr\u00eames en Colombie-Britannique (2021)<\/p>\n\n\n\n<p>Ouragan Dorian (2019)<\/p>\n\n\n\n<p>Tornades d\u2019Ottawa-Gatineau (2018)<\/p>\n\n\n\n<p>Feux de for\u00eat en Colombie-Britannique (2018)<\/p>\n\n\n\n<p>Inondations au Nouveau-Brunswick et en Colombie-Britannique (2018)<\/p>\n\n\n\n<p>Feux de for\u00eat en Colombie-Britannique (2017)<\/p>\n\n\n\n<p>Feux \u00e0 Fort McMurray (2016)<\/p>\n\n\n\n<p>Inondations en Alberta (2013)<\/p>\n\n\n\n<p>Inondations \u00e0 Thunder Bay (2012)<\/p>\n\n\n\n<p>S\u00e9isme au Japon\/tsunami en Asie et au Pacifique (2011)<\/p>\n\n\n\n<p>S\u00e9isme \u00e0 Ha\u00efti (2010)<\/p>\n","protected":false},"excerpt":{"rendered":"<p>Notre campagne en cours Nous n\u2019avons aucune campagne de collecte de fonds en cours. Approche de l\u2019ACI envers les campagnes nationales d\u2019intervention en cas de catastrophes La communaut\u00e9 immobili\u00e8re a montr\u00e9 \u00e0 maintes reprises que lorsque survient une catastrophe \u00e0 grande \u00e9chelle au Canada ou \u00e0 l\u2019\u00e9tranger, son premier r\u00e9flexe est d\u2019unir ses forces et &hellip; <a href=\"https:\/\/staging.realtorscare.ca\/fr\/about-realtors-care\/nos-campagnes-dintervention-en-cas-de-catastrophes\/\" class=\"more-link\">Continue reading <span class=\"screen-reader-text\">Nos campagnes nationales d\u2019intervention en cas de catastrophes<\/span><\/a><\/p>\n","protected":false},"author":1,"featured_media":37708,"parent":32527,"menu_order":1,"comment_status":"closed","ping_status":"closed","template":"","meta":{"_acf_changed":false,"_editorskit_title_hidden":false,"_editorskit_reading_time":0,"_editorskit_is_block_options_detached":false,"_editorskit_block_options_position":"{}","footnotes":""},"class_list":["post-34703","page","type-page","status-publish","has-post-thumbnail","hentry"],"acf":[],"_links":{"self":[{"href":"https:\/\/staging.realtorscare.ca\/fr\/wp-json\/wp\/v2\/pages\/34703","targetHints":{"allow":["GET"]}}],"collection":[{"href":"https:\/\/staging.realtorscare.ca\/fr\/wp-json\/wp\/v2\/pages"}],"about":[{"href":"https:\/\/staging.realtorscare.ca\/fr\/wp-json\/wp\/v2\/types\/page"}],"author":[{"embeddable":true,"href":"https:\/\/staging.realtorscare.ca\/fr\/wp-json\/wp\/v2\/users\/1"}],"replies":[{"embeddable":true,"href":"https:\/\/staging.realtorscare.ca\/fr\/wp-json\/wp\/v2\/comments?post=34703"}],"version-history":[{"count":33,"href":"https:\/\/staging.realtorscare.ca\/fr\/wp-json\/wp\/v2\/pages\/34703\/revisions"}],"predecessor-version":[{"id":40294,"href":"https:\/\/staging.realtorscare.ca\/fr\/wp-json\/wp\/v2\/pages\/34703\/revisions\/40294"}],"up":[{"embeddable":true,"href":"https:\/\/staging.realtorscare.ca\/fr\/wp-json\/wp\/v2\/pages\/32527"}],"wp:featuredmedia":[{"embeddable":true,"href":"https:\/\/staging.realtorscare.ca\/fr\/wp-json\/wp\/v2\/media\/37708"}],"wp:attachment":[{"href":"https:\/\/staging.realtorscare.ca\/fr\/wp-json\/wp\/v2\/media?parent=34703"}],"curies":[{"name":"wp","href":"https:\/\/api.w.org\/{rel}","templated":true}]}}