{"id":34696,"date":"2019-01-17T13:57:11","date_gmt":"2019-01-17T18:57:11","guid":{"rendered":"https:\/\/www.realtorscare.ca\/about-realtors-care\/about-the-canadian-realtors-care-award\/"},"modified":"2023-12-04T08:27:41","modified_gmt":"2023-12-04T13:27:41","slug":"a-propos-du-prix-canadien-realtors-care","status":"publish","type":"page","link":"https:\/\/staging.realtorscare.ca\/fr\/a-propos-du-prix-canadien-realtors-care\/","title":{"rendered":"\u00c0 propos du Prix canadien REALTORS Care\u00ae"},"content":{"rendered":"\n<p>En&nbsp;2016, L\u2019Association canadienne de l\u2019immobilier (ACI) a fi\u00e8rement cr\u00e9\u00e9 le Prix canadien REALTORS&nbsp;Care\u00ae annuel pour c\u00e9l\u00e9brer le travail extraordinaire de courtiers ou d\u2019agents qui se sont surpass\u00e9s pour am\u00e9liorer la vie des gens dans la collectivit\u00e9 o\u00f9 ils vivent et travaillent.<\/p>\n\n\n\n<pre class=\"wp-block-code\"><code>&lt;iframe width=\"100%\" height=\"400\" src=\"https:\/\/www.youtube.com\/embed\/cPBB9-PmWjQ?si=tnHLz8jTT6mOxCoR\" title=\"YouTube video player\" frameborder=\"0\" allow=\"accelerometer; autoplay; clipboard-write; encrypted-media; gyroscope; picture-in-picture; web-share\" allowfullscreen&gt;&lt;\/iframe&gt;<\/code><\/pre>\n\n\n\n<p>Depuis sa cr\u00e9ation, ce programme de reconnaissance national a permis de c\u00e9l\u00e9brer la contribution de neuf&nbsp;courtiers et agents immobiliers de cinq&nbsp;provinces qui ont fait preuve d\u2019un engagement ind\u00e9fectible pour am\u00e9liorer la vie des membres de leur collectivit\u00e9. Qu\u2019ils aient contribu\u00e9 \u00e0 leur collectivit\u00e9 au moyen du b\u00e9n\u00e9volat transformateur, de la d\u00e9fense des int\u00e9r\u00eats, de la collecte de fonds ou de la philanthropie, les laur\u00e9ats ont tous su incarner l\u2019esprit REALTORS&nbsp;Care\u00ae.<\/p>\n\n\n\n<p>Chaque ann\u00e9e, le nom du laur\u00e9at du Prix canadien REALTORS&nbsp;Care\u00ae est annonc\u00e9 lors de l\u2019Assembl\u00e9e g\u00e9n\u00e9rale annuelle de l\u2019ACI. L\u2019histoire inspirante de cette personne est publi\u00e9e ensuite \u00e0 l\u2019\u00e9chelle du pays. Pour souligner ces r\u00e9alisations caritatives, l\u2019ACI effectue un don de&nbsp;5&nbsp;000&nbsp;$, au nom de tous ses membres, \u00e0 l\u2019organisme de bienfaisance que le laur\u00e9at choisit.<\/p>\n\n\n\n<p><a href=\"https:\/\/www.realtorscare.ca\/fr\/a-propos-du-prix-canadien-realtors-care\/rencontrez-nos-laureats\/\" target=\"_blank\" aria-label=\" (opens in a new tab)\" rel=\"noreferrer noopener\" class=\"ek-link\"><strong>D\u00e9couvrez nos laur\u00e9ats pr\u00e9c\u00e9dents<\/strong><\/a><\/p>\n\n\n\n<h2 class=\"wp-block-heading\"><strong>Connaissez-vous une personne qui m\u00e9rite de recevoir le Prix canadien REALTORS&nbsp;Care\u00ae?<\/strong><\/h2>\n\n\n\n<p>Si vous connaissez un courtier ou agent immobilier qui fait preuve d\u2019un engagement caritatif exemplaire dans sa collectivit\u00e9 et qui m\u00e9rite d\u2019\u00eatre reconnu \u00e0 l\u2019\u00e9chelle nationale, ne manquez pas l\u2019annonce de la p\u00e9riode de mise en candidature pour 2025 en septembre.<\/p>\n\n\n\n<hr class=\"wp-block-separator has-css-opacity\"\/>\n\n\n\n<h2 class=\"wp-block-heading\"><strong><strong>Merci aux commanditaires de notre prix de&nbsp;2024<\/strong><\/strong><\/h2>\n\n\n\n<div style=\"height:34px\" aria-hidden=\"true\" class=\"wp-block-spacer\"><\/div>\n\n\n\n<div class=\"wp-block-columns is-layout-flex wp-container-core-columns-is-layout-9d6595d7 wp-block-columns-is-layout-flex\">\n<div class=\"wp-block-column is-layout-flow wp-block-column-is-layout-flow\" style=\"flex-basis:33.33%\">\n<figure class=\"wp-block-image size-full\"><a href=\"https:\/\/www.realtor.ca\/fr\" target=\"_blank\" rel=\"noreferrer noopener\"><img loading=\"lazy\" decoding=\"async\" width=\"667\" height=\"235\" src=\"https:\/\/www.realtorscare.ca\/wp-content\/uploads\/2022\/09\/REALTOR.ca-Red-Logo.png\" alt=\"REALTOR.ca\" class=\"wp-image-38785\"\/><\/a><\/figure>\n<\/div>\n\n\n\n<div class=\"wp-block-column is-layout-flow wp-block-column-is-layout-flow\" style=\"flex-basis:66.66%\">\n<h3 class=\"wp-block-heading\"><strong>Commanditaire principal<\/strong><\/h3>\n\n\n\n<p>Le Prix canadien REALTORS&nbsp;Care\u00ae de&nbsp;2024 est fi\u00e8rement pr\u00e9sent\u00e9 par REALTOR.ca, la plateforme immobili\u00e8re la plus populaire au Canada.<\/p>\n<\/div>\n<\/div>\n\n\n\n<div class=\"wp-block-columns is-layout-flex wp-container-core-columns-is-layout-9d6595d7 wp-block-columns-is-layout-flex\">\n<div class=\"wp-block-column is-layout-flow wp-block-column-is-layout-flow\" style=\"flex-basis:33.33%\">\n<figure class=\"wp-block-image size-full\"><a href=\"https:\/\/realestatemagazine.ca\/\" target=\"_blank\" rel=\"noreferrer noopener\"><img loading=\"lazy\" decoding=\"async\" width=\"632\" height=\"490\" src=\"https:\/\/www.realtorscare.ca\/wp-content\/uploads\/2022\/09\/IMG_7054.jpeg\" alt=\"Real Estate Magazine\" class=\"wp-image-38730\"\/><\/a><\/figure>\n<\/div>\n\n\n\n<div class=\"wp-block-column is-layout-flow wp-block-column-is-layout-flow\" style=\"flex-basis:66.66%\">\n<h3 class=\"wp-block-heading\"><strong>Commanditaire des m\u00e9dias<\/strong><\/h3>\n\n\n\n<p><em>REM<\/em>, l\u2019une des publications immobili\u00e8res les plus reconnues au Canada, est le commanditaire des m\u00e9dias de notre prix de&nbsp;2024.<\/p>\n<\/div>\n<\/div>\n\n\n\n<p>REALTOR\u00ae. Membre de L\u2019Association canadienne de&nbsp;l\u2019immobilier (ACI), et plus encore. <\/p>\n","protected":false},"excerpt":{"rendered":"<p>En&nbsp;2016, L\u2019Association canadienne de l\u2019immobilier (ACI) a fi\u00e8rement cr\u00e9\u00e9 le Prix canadien REALTORS&nbsp;Care\u00ae annuel pour c\u00e9l\u00e9brer le travail extraordinaire de courtiers ou d\u2019agents qui se sont surpass\u00e9s pour am\u00e9liorer la vie des gens dans la collectivit\u00e9 o\u00f9 ils vivent et travaillent. Depuis sa cr\u00e9ation, ce programme de reconnaissance national a permis de c\u00e9l\u00e9brer la contribution &hellip; <a href=\"https:\/\/staging.realtorscare.ca\/fr\/a-propos-du-prix-canadien-realtors-care\/\" class=\"more-link\">Continue reading <span class=\"screen-reader-text\">\u00c0 propos du Prix canadien REALTORS Care\u00ae<\/span><\/a><\/p>\n","protected":false},"author":1,"featured_media":38775,"parent":0,"menu_order":0,"comment_status":"closed","ping_status":"closed","template":"","meta":{"_acf_changed":false,"_editorskit_title_hidden":false,"_editorskit_reading_time":0,"_editorskit_is_block_options_detached":false,"_editorskit_block_options_position":"{}","footnotes":""},"class_list":["post-34696","page","type-page","status-publish","has-post-thumbnail","hentry"],"acf":[],"_links":{"self":[{"href":"https:\/\/staging.realtorscare.ca\/fr\/wp-json\/wp\/v2\/pages\/34696","targetHints":{"allow":["GET"]}}],"collection":[{"href":"https:\/\/staging.realtorscare.ca\/fr\/wp-json\/wp\/v2\/pages"}],"about":[{"href":"https:\/\/staging.realtorscare.ca\/fr\/wp-json\/wp\/v2\/types\/page"}],"author":[{"embeddable":true,"href":"https:\/\/staging.realtorscare.ca\/fr\/wp-json\/wp\/v2\/users\/1"}],"replies":[{"embeddable":true,"href":"https:\/\/staging.realtorscare.ca\/fr\/wp-json\/wp\/v2\/comments?post=34696"}],"version-history":[{"count":58,"href":"https:\/\/staging.realtorscare.ca\/fr\/wp-json\/wp\/v2\/pages\/34696\/revisions"}],"predecessor-version":[{"id":40113,"href":"https:\/\/staging.realtorscare.ca\/fr\/wp-json\/wp\/v2\/pages\/34696\/revisions\/40113"}],"wp:featuredmedia":[{"embeddable":true,"href":"https:\/\/staging.realtorscare.ca\/fr\/wp-json\/wp\/v2\/media\/38775"}],"wp:attachment":[{"href":"https:\/\/staging.realtorscare.ca\/fr\/wp-json\/wp\/v2\/media?parent=34696"}],"curies":[{"name":"wp","href":"https:\/\/api.w.org\/{rel}","templated":true}]}}