{"id":32527,"date":"2019-01-17T13:56:49","date_gmt":"2019-01-17T18:56:49","guid":{"rendered":"https:\/\/www.realtorscare.ca\/about-realtors-care\/"},"modified":"2024-01-04T16:03:00","modified_gmt":"2024-01-04T21:03:00","slug":"about-realtors-care","status":"publish","type":"page","link":"https:\/\/staging.realtorscare.ca\/fr\/about-realtors-care\/","title":{"rendered":"\u00c0 propos de REALTORS Care\u00ae"},"content":{"rendered":"<p>Lorsque les membres de la communaut\u00e9 immobili\u00e8re font du b\u00e9n\u00e9volat ou collectent des fonds pour une cause qui leur tient \u00e0 c\u0153ur, leur travail acharn\u00e9 s\u2019inscrit fi\u00e8rement dans le cadre de \u00ab&nbsp;REALTORS Care\u00ae&nbsp;\u00bb&nbsp;\u2013&nbsp;un principe directeur et une marque de commerce c\u00e9l\u00e9brant et unissant les excellents efforts caritatifs des courtiers et agents immobiliers ainsi que des agences, des chambres et des associations immobili\u00e8res au Canada.<\/p>\n<p>Le terme REALTORS Care\u00ae a \u00e9t\u00e9 cr\u00e9\u00e9 \u00e0 Vancouver dans les ann\u00e9es&nbsp;1990, lorsque la Real Estate Board of Greater Vancouver (REBGV) a lanc\u00e9 sa toute premi\u00e8re collecte de couvertures REALTORS Care\u00ae. La popularit\u00e9 du terme REALTORS Care\u00ae n\u2019a cess\u00e9 de cro\u00eetre au fil des ans, et il est aujourd\u2019hui utilis\u00e9 par des courtiers et agents immobiliers de partout au Canada, et m\u00eame aux \u00c9tats-Unis!<\/p>\n<p>Depuis&nbsp;2007, L\u2019Association canadienne de l\u2019immeuble (ACI) a \u00e9largi la port\u00e9e du programme national REALTORS Care\u00ae pour c\u00e9l\u00e9brer les r\u00e9alisations caritatives de ses membres, appuyer les causes li\u00e9es au logement et aux refuges, venir en aide aux victimes de sinistres au pays comme \u00e0 l\u2019\u00e9tranger, et \u00e9tendre l\u2019influence collective de la communaut\u00e9 immobili\u00e8re par l\u2019inspiration et l\u2019apprentissage.<\/p>\n\n\n<div class=\"wp-block-columns has-2-columns is-layout-flex wp-container-core-columns-is-layout-9d6595d7 wp-block-columns-is-layout-flex\">\n<div class=\"wp-block-column is-layout-flow wp-block-column-is-layout-flow\">\n<figure class=\"wp-block-image\"><a href=\"https:\/\/www.realtorscare.ca\/fr\/a-propos-du-prix-canadien-realtors-care\/\"><img loading=\"lazy\" decoding=\"async\" width=\"1320\" height=\"880\" src=\"https:\/\/www.realtorscare.ca\/wp-content\/uploads\/2021\/04\/Gregg-Photo.jpg\" alt=\"\" class=\"wp-image-37484\" srcset=\"https:\/\/staging.realtorscare.ca\/wp-content\/uploads\/2021\/04\/Gregg-Photo.jpg 1320w, https:\/\/staging.realtorscare.ca\/wp-content\/uploads\/2021\/04\/Gregg-Photo-768x512.jpg 768w, https:\/\/staging.realtorscare.ca\/wp-content\/uploads\/2021\/04\/Gregg-Photo-857x571.jpg 857w\" sizes=\"auto, (max-width: 1320px) 100vw, 1320px\" \/><\/a><\/figure>\n\n\n\n<h2 style=\"position: relative; bottom: 75px; left: 30px; font-size: 2em; color: white; height: 0px; margin-top: -20px;\"><strong>C\u00c9L\u00c9BRER<\/strong><\/h2>\n\n\n\n<p>Le Prix canadien REALTORS Care\u00ae souligne le travail exemplaire de nos membres dans leur collectivit\u00e9. <br><strong><a href=\"https:\/\/www.realtorscare.ca\/fr\/a-propos-du-prix-canadien-realtors-care\/\" class=\"ek-link\">En savoir plus<\/a><a rel=\"noreferrer noopener\" href=\"https:\/\/www.realtorscare.ca\/about-realtors-care\/about-the-canadian-realtors-care-award\/\" target=\"_blank\"><\/a><\/strong><\/p>\n<\/div>\n\n\n\n<div class=\"wp-block-column is-layout-flow wp-block-column-is-layout-flow\">\n<figure class=\"wp-block-image size-full\"><a href=\"https:\/\/journeesrealtorscare.ca\/\" target=\"_blank\" rel=\"noreferrer noopener\"><img loading=\"lazy\" decoding=\"async\" width=\"890\" height=\"591\" src=\"https:\/\/www.realtorscare.ca\/wp-content\/uploads\/2024\/01\/REALTORS-Care-Unite-Unir.jpg\" alt=\"\" class=\"wp-image-40175\" srcset=\"https:\/\/staging.realtorscare.ca\/wp-content\/uploads\/2024\/01\/REALTORS-Care-Unite-Unir.jpg 890w, https:\/\/staging.realtorscare.ca\/wp-content\/uploads\/2024\/01\/REALTORS-Care-Unite-Unir-768x510.jpg 768w, https:\/\/staging.realtorscare.ca\/wp-content\/uploads\/2024\/01\/REALTORS-Care-Unite-Unir-860x571.jpg 860w\" sizes=\"auto, (max-width: 890px) 100vw, 890px\" \/><\/a><\/figure>\n\n\n\n<h2 style=\"position: relative; bottom: 75px; left: 30px; font-size: 2em; color: white; height: 0px; margin-top: -20px;\"><strong>UNIR<\/strong><\/h2>\n\n\n\n<p>Les Journ\u00e9es REALTORS Care\u00ae unissent les efforts de b\u00e9n\u00e9volat des courtiers et agents immobiliers d\u00e9ploy\u00e9s dans des collectivit\u00e9s partout au Canada, pour venir en aide \u00e0 des organismes de bienfaisance qui soutiennent le logement et les refuges.<br><strong><a href=\"https:\/\/journeesrealtorscare.ca\/\" target=\"_blank\" aria-label=\" (opens in a new tab)\" rel=\"noreferrer noopener\" class=\"ek-link\">En savoir plus<\/a><a rel=\"noreferrer noopener\" href=\"https:\/\/www.realtorscare.ca\/realtors-care-week\/\" target=\"_blank\"><\/a><\/strong><\/p>\n<\/div>\n<\/div>\n\n\n\n<div class=\"wp-block-columns has-2-columns is-layout-flex wp-container-core-columns-is-layout-9d6595d7 wp-block-columns-is-layout-flex\">\n<div class=\"wp-block-column is-layout-flow wp-block-column-is-layout-flow\">\n<figure class=\"wp-block-image\"><a href=\"https:\/\/www.realtorscare.ca\/fr\/nos-histoires\/\"><img loading=\"lazy\" decoding=\"async\" width=\"2500\" height=\"1667\" src=\"https:\/\/www.realtorscare.ca\/wp-content\/uploads\/2021\/06\/BrendaMacKenzieBanner.jpg\" alt=\"\" class=\"wp-image-37526\" srcset=\"https:\/\/staging.realtorscare.ca\/wp-content\/uploads\/2021\/06\/BrendaMacKenzieBanner.jpg 2500w, https:\/\/staging.realtorscare.ca\/wp-content\/uploads\/2021\/06\/BrendaMacKenzieBanner-768x512.jpg 768w, https:\/\/staging.realtorscare.ca\/wp-content\/uploads\/2021\/06\/BrendaMacKenzieBanner-856x571.jpg 856w\" sizes=\"auto, (max-width: 2500px) 100vw, 2500px\" \/><\/a><\/figure>\n\n\n\n<h2 style=\"position: relative; bottom: 75px; left: 30px; font-size: 2em; color: white; height: 0px; margin-top: -20px;\"><strong>INSPIRER<\/strong><\/h2>\n\n\n\n<p>Nos histoires REALTORS Care\u00ae mettent en vedette des courtiers et des agents inspirants qui exercent une influence positive dans leur collectivit\u00e9. <br><strong><a href=\"https:\/\/www.realtorscare.ca\/fr\/nos-histoires\/\" class=\"ek-link\">En savoir plus<\/a><a rel=\"noreferrer noopener\" href=\"https:\/\/www.realtorscare.ca\/about-realtors-care\/about-the-canadian-realtors-care-award\/\" target=\"_blank\"><\/a><\/strong><\/p>\n<\/div>\n\n\n\n<div class=\"wp-block-column is-layout-flow wp-block-column-is-layout-flow\">\n<figure class=\"wp-block-image\"><a href=\"https:\/\/www.realtorscare.ca\/fr\/about-realtors-care\/nos-campagnes-dintervention-en-cas-de-catastrophes\/\"><img loading=\"lazy\" decoding=\"async\" width=\"890\" height=\"591\" src=\"https:\/\/www.realtorscare.ca\/wp-content\/uploads\/2017\/12\/RCfull-890x591-1.jpg\" alt=\"\" class=\"wp-image-32912\" srcset=\"https:\/\/staging.realtorscare.ca\/wp-content\/uploads\/2017\/12\/RCfull-890x591-1.jpg 890w, https:\/\/staging.realtorscare.ca\/wp-content\/uploads\/2017\/12\/RCfull-890x591-1-768x510.jpg 768w\" sizes=\"auto, (max-width: 890px) 100vw, 890px\" \/><\/a><\/figure>\n\n\n\n<h2 style=\"position: relative; bottom: 75px; left: 30px; font-size: 2em; color: white; height: 0px; margin-top: -20px;\"><strong>RECUEILLIR DES FONDS<\/strong><\/h2>\n\n\n\n<p>Nos campagnes nationales d\u2019intervention en cas de catastrophe encouragent la communaut\u00e9 immobili\u00e8re \u00e0 se rassembler et \u00e0 recueillir des fonds pour soutenir les victimes de sinistres. <br><strong><a href=\"https:\/\/www.realtorscare.ca\/fr\/about-realtors-care\/nos-campagnes-dintervention-en-cas-de-catastrophes\/\" class=\"ek-link\">En savoir plus<\/a><a rel=\"noreferrer noopener\" href=\"https:\/\/www.realtorscare.ca\/realtors-care-week\/\" target=\"_blank\"><\/a><\/strong><\/p>\n<\/div>\n<\/div>\n","protected":false},"excerpt":{"rendered":"<p>Lorsque les membres de la communaut\u00e9 immobili\u00e8re font du b\u00e9n\u00e9volat ou collectent des fonds pour une cause qui leur tient \u00e0 c\u0153ur, leur travail acharn\u00e9 s\u2019inscrit fi\u00e8rement dans le cadre de \u00ab&nbsp;REALTORS Care\u00ae&nbsp;\u00bb&nbsp;\u2013&nbsp;un principe directeur et une marque de commerce c\u00e9l\u00e9brant et unissant les excellents efforts caritatifs des courtiers et agents immobiliers ainsi que des &hellip; <a href=\"https:\/\/staging.realtorscare.ca\/fr\/about-realtors-care\/\" class=\"more-link\">Continue reading <span class=\"screen-reader-text\">\u00c0 propos de REALTORS Care\u00ae<\/span><\/a><\/p>\n","protected":false},"author":1,"featured_media":0,"parent":0,"menu_order":1,"comment_status":"closed","ping_status":"closed","template":"","meta":{"_acf_changed":false,"_editorskit_title_hidden":false,"_editorskit_reading_time":0,"_editorskit_is_block_options_detached":false,"_editorskit_block_options_position":"{}","footnotes":""},"class_list":["post-32527","page","type-page","status-publish","hentry"],"acf":[],"_links":{"self":[{"href":"https:\/\/staging.realtorscare.ca\/fr\/wp-json\/wp\/v2\/pages\/32527","targetHints":{"allow":["GET"]}}],"collection":[{"href":"https:\/\/staging.realtorscare.ca\/fr\/wp-json\/wp\/v2\/pages"}],"about":[{"href":"https:\/\/staging.realtorscare.ca\/fr\/wp-json\/wp\/v2\/types\/page"}],"author":[{"embeddable":true,"href":"https:\/\/staging.realtorscare.ca\/fr\/wp-json\/wp\/v2\/users\/1"}],"replies":[{"embeddable":true,"href":"https:\/\/staging.realtorscare.ca\/fr\/wp-json\/wp\/v2\/comments?post=32527"}],"version-history":[{"count":10,"href":"https:\/\/staging.realtorscare.ca\/fr\/wp-json\/wp\/v2\/pages\/32527\/revisions"}],"predecessor-version":[{"id":40186,"href":"https:\/\/staging.realtorscare.ca\/fr\/wp-json\/wp\/v2\/pages\/32527\/revisions\/40186"}],"wp:attachment":[{"href":"https:\/\/staging.realtorscare.ca\/fr\/wp-json\/wp\/v2\/media?parent=32527"}],"curies":[{"name":"wp","href":"https:\/\/api.w.org\/{rel}","templated":true}]}}